{"id":71,"date":"2022-04-04T21:59:56","date_gmt":"2022-04-04T19:59:56","guid":{"rendered":"https:\/\/calypso-info.ue.katowice.pl\/index.php\/summary-polski\/"},"modified":"2022-05-16T12:51:40","modified_gmt":"2022-05-16T10:51:40","slug":"summary-polski","status":"publish","type":"page","link":"https:\/\/calypso-info.ue.katowice.pl\/","title":{"rendered":"INFORMACJE O PROJEKCIE"},"content":{"rendered":"\n<p class=\"has-text-align-left\">CALYPSO to europejska wsp\u00f3\u0142praca maj\u0105ca na celu stworzenie \u015brodowiska crowdsourcingowego dla obywateli do zwalczania dezinformacji poprzez udzia\u0142 w grze na dobre. Projekt \u0142\u0105czy w sobie mocne strony opinii publicznej, dziennikarzy, redaktor\u00f3w, ekspert\u00f3w i weryfikator\u00f3w fakt\u00f3w. Ci ostatni wsp\u00f3\u0142pracuj\u0105 w celu wczesnego wykrywania i sprawdzania fakt\u00f3w podejrzanych przypadk\u00f3w dezinformacji, ujawniania kampanii i wiadomo\u015bci dezinformacyjnych w czasie rzeczywistym oraz szybkiego przywracania prawdy, aby zminimalizowa\u0107 wp\u0142yw fa\u0142szywych wiadomo\u015bci na spo\u0142ecze\u0144stwo.<\/p>\n\n\n\n<p>Kampanie dezinformacyjne w tym projekcie s\u0105 rozumiane zgodnie z definicj\u0105 Komisji Europejskiej w <a href=\"https:\/\/ec.europa.eu\/commission\/sites\/beta-political\/files\/eu-communication-disinformation-euco -05122018_en.pdf\">Plan dzia\u0142ania przeciwko dezinformacji<\/a> \u201ejako mo\u017cliwe do zweryfikowania fa\u0142szywe lub wprowadzaj\u0105ce w b\u0142\u0105d informacje, kt\u00f3re s\u0105 tworzone, prezentowane i rozpowszechniane w celu uzyskania korzy\u015bci ekonomicznych lub celowego oszukania opinii publicznej i mog\u0105 wyrz\u0105dzi\u0107 szkod\u0119 publiczn\u0105. Szkoda publiczna obejmuje zagro\u017cenia dla proces\u00f3w demokratycznych, a tak\u017ce dla d\u00f3br publicznych, takich jak zdrowie obywateli Unii, \u015brodowisko lub bezpiecze\u0144stwo\u201d. W tej Akcji satyra, parodia, komentarz czy wyra\u017anie zidentyfikowane wiadomo\u015bci stronnicze nie s\u0105 wi\u0119c postrzegane jako tre\u015bci dezinformacyjne. G\u0142\u00f3wnym celem CALYPSO jest wspieranie tworzenia niezale\u017cnych multidyscyplinarnych zespo\u0142\u00f3w powo\u0142anych na poziomie krajowym w celu zwi\u0119kszenia zdolno\u015bci wykrywania, analizowania i szybkiego ujawniania kampanii dezinformacyjnych \u201e<a href=\"https:\/\/eur-lex.europa. eu\/legal-content\/EN\/ALL\/?uri=JOIN%3A2018%3A16%3AFIN\">wzmocni\u0107 odporno\u015b\u0107 na zagro\u017cenia hybrydowe<\/a>\u201d, a jednocze\u015bnie promowa\u0107 szkolenia z weryfikacji wiadomo\u015bci skierowane do dziennikarzy i medi\u00f3w kampanie alfabetyzacji na poziomie krajowym.<\/p>\n\n\n\n<p>CALYPSO to projekt pilota\u017cowy przyznany w odpowiedzi na zaproszenie DG Connect\/2020\/5464403 \u201eDotacje UE dla ma\u0142ych medi\u00f3w internetowych: wspieranie wysokiej jako\u015bci produkt\u00f3w informacyjnych i zwalczanie fa\u0142szywych wiadomo\u015bci\u201d.<\/p>\n\n\n\n<div class=\"wp-block-image\"><figure class=\"aligncenter size-large is-resized\"><img loading=\"lazy\" decoding=\"async\" src=\"https:\/\/calypso-info.ue.katowice.pl\/wp-content\/uploads\/2022\/04\/ue_logo-1024x216.png\" alt=\"\" class=\"wp-image-26\" width=\"597\" height=\"126\" srcset=\"https:\/\/calypso-info.ue.katowice.pl\/wp-content\/uploads\/2022\/04\/ue_logo-1024x216.png 1024w, https:\/\/calypso-info.ue.katowice.pl\/wp-content\/uploads\/2022\/04\/ue_logo-300x63.png 300w, https:\/\/calypso-info.ue.katowice.pl\/wp-content\/uploads\/2022\/04\/ue_logo-768x162.png 768w, https:\/\/calypso-info.ue.katowice.pl\/wp-content\/uploads\/2022\/04\/ue_logo-1536x323.png 1536w, https:\/\/calypso-info.ue.katowice.pl\/wp-content\/uploads\/2022\/04\/ue_logo-660x139.png 660w, https:\/\/calypso-info.ue.katowice.pl\/wp-content\/uploads\/2022\/04\/ue_logo.png 1624w\" sizes=\"auto, (max-width: 597px) 100vw, 597px\" \/><\/figure><\/div>\n","protected":false},"excerpt":{"rendered":"<p>CALYPSO to europejska wsp\u00f3\u0142praca maj\u0105ca na celu stworzenie \u015brodowiska crowdsourcingowego dla obywateli do zwalczania dezinformacji poprzez udzia\u0142 w grze na dobre. Projekt \u0142\u0105czy w sobie mocne strony opinii publicznej, dziennikarzy, redaktor\u00f3w, ekspert\u00f3w i weryfikator\u00f3w fakt\u00f3w. Ci ostatni wsp\u00f3\u0142pracuj\u0105 w celu wczesnego wykrywania i sprawdzania fakt\u00f3w podejrzanych przypadk\u00f3w dezinformacji, ujawniania kampanii i wiadomo\u015bci dezinformacyjnych w czasie&#8230;<\/p>\n<p class=\"more-link-wrap\"><a href=\"https:\/\/calypso-info.ue.katowice.pl\/\" class=\"more-link\">Read More<span class=\"screen-reader-text\"> &ldquo;INFORMACJE O PROJEKCIE&rdquo;<\/span> &raquo;<\/a><\/p>\n","protected":false},"author":1,"featured_media":0,"parent":0,"menu_order":0,"comment_status":"closed","ping_status":"closed","template":"page-templates\/large.php","meta":{"footnotes":""},"class_list":["post-71","page","type-page","status-publish","hentry"],"_links":{"self":[{"href":"https:\/\/calypso-info.ue.katowice.pl\/index.php\/wp-json\/wp\/v2\/pages\/71","targetHints":{"allow":["GET"]}}],"collection":[{"href":"https:\/\/calypso-info.ue.katowice.pl\/index.php\/wp-json\/wp\/v2\/pages"}],"about":[{"href":"https:\/\/calypso-info.ue.katowice.pl\/index.php\/wp-json\/wp\/v2\/types\/page"}],"author":[{"embeddable":true,"href":"https:\/\/calypso-info.ue.katowice.pl\/index.php\/wp-json\/wp\/v2\/users\/1"}],"replies":[{"embeddable":true,"href":"https:\/\/calypso-info.ue.katowice.pl\/index.php\/wp-json\/wp\/v2\/comments?post=71"}],"version-history":[{"count":4,"href":"https:\/\/calypso-info.ue.katowice.pl\/index.php\/wp-json\/wp\/v2\/pages\/71\/revisions"}],"predecessor-version":[{"id":168,"href":"https:\/\/calypso-info.ue.katowice.pl\/index.php\/wp-json\/wp\/v2\/pages\/71\/revisions\/168"}],"wp:attachment":[{"href":"https:\/\/calypso-info.ue.katowice.pl\/index.php\/wp-json\/wp\/v2\/media?parent=71"}],"curies":[{"name":"wp","href":"https:\/\/api.w.org\/{rel}","templated":true}]}}